{"id":575,"date":"2016-02-23T09:25:23","date_gmt":"2016-02-23T09:25:23","guid":{"rendered":"https:\/\/www.trueno.com\/?page_id=575"},"modified":"2016-02-23T11:39:51","modified_gmt":"2016-02-23T11:39:51","slug":"simbologia","status":"publish","type":"page","link":"https:\/\/www.trueno.com\/index.php\/simbologia\/","title":{"rendered":"Simbolog\u00eda"},"content":{"rendered":"<div class=\"wpb-content-wrapper\"><p>[vc_row][vc_column][vc_column_text]<\/p>\n<h2 style=\"text-align: center;\">Simbolog\u00eda<\/h2>\n<p>[\/vc_column_text][vc_empty_space height=\u00bb50&#8243;][\/vc_column][\/vc_row][vc_row force_equal_height_columns=\u00bbmain_row\u00bb align_content_vertically=\u00bbyes\u00bb][vc_column width=\u00bb1\/6&#8243; offset=\u00bbvc_col-xs-4&#8243;][vc_single_image image=\u00bb512&#8243; img_size=\u00bbfull\u00bb alignment=\u00bbcenter\u00bb][\/vc_column][vc_column width=\u00bb1\/3&#8243; offset=\u00bbvc_col-xs-8&#8243;][vc_column_text]Suela resistente al calor hasta 300\u00baC.[\/vc_column_text][\/vc_column][vc_column width=\u00bb1\/6&#8243; offset=\u00bbvc_col-xs-4&#8243;][vc_single_image image=\u00bb516&#8243; img_size=\u00bbfull\u00bb alignment=\u00bbcenter\u00bb][\/vc_column][vc_column width=\u00bb1\/3&#8243; offset=\u00bbvc_col-xs-8&#8243;][vc_column_text]Ultra ligero[\/vc_column_text][\/vc_column][\/vc_row][vc_row][vc_column][vc_empty_space height=\u00bb30px\u00bb][\/vc_column][\/vc_row][vc_row force_equal_height_columns=\u00bbmain_row\u00bb align_content_vertically=\u00bbyes\u00bb][vc_column width=\u00bb1\/6&#8243; offset=\u00bbvc_col-xs-4&#8243;][vc_single_image image=\u00bb513&#8243; img_size=\u00bbfull\u00bb alignment=\u00bbcenter\u00bb][\/vc_column][vc_column width=\u00bb1\/3&#8243; offset=\u00bbvc_col-xs-8&#8243;][vc_column_text]Sistema de absorci\u00f3n de golpes[\/vc_column_text][\/vc_column][vc_column width=\u00bb1\/6&#8243; offset=\u00bbvc_col-xs-4&#8243;][vc_single_image image=\u00bb515&#8243; img_size=\u00bbfull\u00bb alignment=\u00bbcenter\u00bb][\/vc_column][vc_column width=\u00bb1\/3&#8243; offset=\u00bbvc_col-xs-8&#8243;][vc_column_text]Plantilla textil anti-perforante[\/vc_column_text][\/vc_column][\/vc_row][vc_row][vc_column][vc_empty_space height=\u00bb30px\u00bb][\/vc_column][\/vc_row][vc_row force_equal_height_columns=\u00bbmain_row\u00bb align_content_vertically=\u00bbyes\u00bb][vc_column width=\u00bb1\/6&#8243; offset=\u00bbvc_col-xs-4&#8243;][vc_single_image image=\u00bb508&#8243; img_size=\u00bbfull\u00bb alignment=\u00bbcenter\u00bb][\/vc_column][vc_column width=\u00bb1\/3&#8243; offset=\u00bbvc_col-xs-8&#8243;][vc_column_text]Maxima transpiraci\u00f3n[\/vc_column_text][\/vc_column][vc_column width=\u00bb1\/6&#8243; offset=\u00bbvc_col-xs-4&#8243;][vc_single_image image=\u00bb507&#8243; img_size=\u00bbfull\u00bb alignment=\u00bbcenter\u00bb][\/vc_column][vc_column width=\u00bb1\/3&#8243; offset=\u00bbvc_col-xs-8&#8243;][vc_column_text]Protecci\u00f3n contra la electricidad[\/vc_column_text][\/vc_column][\/vc_row][vc_row][vc_column][vc_empty_space height=\u00bb30px\u00bb][\/vc_column][\/vc_row][vc_row force_equal_height_columns=\u00bbmain_row\u00bb align_content_vertically=\u00bbyes\u00bb][vc_column width=\u00bb1\/6&#8243; offset=\u00bbvc_col-xs-4&#8243;][vc_single_image image=\u00bb517&#8243; img_size=\u00bbfull\u00bb alignment=\u00bbcenter\u00bb][\/vc_column][vc_column width=\u00bb1\/3&#8243; offset=\u00bbvc_col-xs-8&#8243;][vc_column_text]Protecci\u00f3n contra el agua. Impermeable.[\/vc_column_text][\/vc_column][vc_column width=\u00bb1\/6&#8243; offset=\u00bbvc_col-xs-4&#8243;][vc_single_image image=\u00bb506&#8243; img_size=\u00bbfull\u00bb alignment=\u00bbcenter\u00bb][\/vc_column][vc_column width=\u00bb1\/3&#8243; offset=\u00bbvc_col-xs-8&#8243;][vc_column_text]Suela antideslizante[\/vc_column_text][\/vc_column][\/vc_row][vc_row][vc_column][vc_empty_space height=\u00bb30px\u00bb][\/vc_column][\/vc_row][vc_row force_equal_height_columns=\u00bbmain_row\u00bb align_content_vertically=\u00bbyes\u00bb][vc_column width=\u00bb1\/6&#8243; offset=\u00bbvc_col-xs-4&#8243;][vc_single_image image=\u00bb514&#8243; img_size=\u00bbfull\u00bb alignment=\u00bbcenter\u00bb][\/vc_column][vc_column width=\u00bb1\/3&#8243; offset=\u00bbvc_col-xs-8&#8243;][vc_column_text]Tecnolog\u00eda de absorci\u00f3n del sudor[\/vc_column_text][\/vc_column][vc_column width=\u00bb1\/6&#8243; offset=\u00bbvc_col-xs-4&#8243;][vc_single_image image=\u00bb511&#8243; img_size=\u00bbfull\u00bb alignment=\u00bbcenter\u00bb][\/vc_column][vc_column width=\u00bb1\/3&#8243; offset=\u00bbvc_col-xs-8&#8243;][vc_column_text]Puntera de composite[\/vc_column_text][\/vc_column][\/vc_row][vc_row][vc_column][vc_empty_space height=\u00bb30px\u00bb][\/vc_column][\/vc_row][vc_row force_equal_height_columns=\u00bbmain_row\u00bb align_content_vertically=\u00bbyes\u00bb][vc_column width=\u00bb1\/6&#8243; offset=\u00bbvc_col-xs-4&#8243;][vc_single_image image=\u00bb505&#8243; img_size=\u00bbfull\u00bb alignment=\u00bbcenter\u00bb][\/vc_column][vc_column width=\u00bb1\/3&#8243; offset=\u00bbvc_col-xs-8&#8243;][vc_column_text]Protecci\u00f3n anti-bacteriana[\/vc_column_text][\/vc_column][vc_column width=\u00bb1\/6&#8243; offset=\u00bbvc_col-xs-4&#8243;][vc_single_image image=\u00bb510&#8243; img_size=\u00bbfull\u00bb alignment=\u00bbcenter\u00bb][\/vc_column][vc_column width=\u00bb1\/3&#8243; offset=\u00bbvc_col-xs-8&#8243;][vc_column_text]Protecci\u00f3n ante bajas temperaturas[\/vc_column_text][\/vc_column][\/vc_row][vc_row][vc_column][vc_empty_space height=\u00bb30px\u00bb][\/vc_column][\/vc_row][vc_row force_equal_height_columns=\u00bbmain_row\u00bb align_content_vertically=\u00bbyes\u00bb][vc_column width=\u00bb1\/6&#8243; offset=\u00bbvc_col-xs-4&#8243;][vc_single_image image=\u00bb509&#8243; img_size=\u00bbfull\u00bb alignment=\u00bbcenter\u00bb][\/vc_column][vc_column width=\u00bb1\/3&#8243; offset=\u00bbvc_col-xs-8&#8243;][vc_column_text]Protecci\u00f3n hasta temperaturas de -40\u00baC[\/vc_column_text][\/vc_column][vc_column width=\u00bb1\/6&#8243; offset=\u00bbvc_hidden-xs\u00bb][\/vc_column][vc_column width=\u00bb1\/12&#8243; offset=\u00bbvc_hidden-xs\u00bb][\/vc_column][\/vc_row][vc_row][vc_column][vc_empty_space height=\u00bb60px\u00bb][vc_separator style=\u00bbdotted\u00bb border_width=\u00bb2&#8243;][vc_empty_space height=\u00bb60px\u00bb][\/vc_column][\/vc_row][vc_row force_equal_height_columns=\u00bbmain_row\u00bb align_content_vertically=\u00bbyes\u00bb][vc_column width=\u00bb1\/6&#8243; offset=\u00bbvc_col-xs-4&#8243;][vc_single_image image=\u00bb538&#8243; img_size=\u00bbfull\u00bb alignment=\u00bbcenter\u00bb][\/vc_column][vc_column width=\u00bb1\/3&#8243; offset=\u00bbvc_col-xs-8&#8243;][vc_column_text]<\/p>\n<h5>Puntera de seguridad de acero<\/h5>\n<p>Puntera de acero inoxidable tradicional, resistente al impacto m\u00e1s de 200J y a la compresi\u00f3n m\u00e1s de 15kN. Certificada EN12568.[\/vc_column_text][\/vc_column][vc_column width=\u00bb1\/6&#8243; offset=\u00bbvc_col-xs-4&#8243;][vc_single_image image=\u00bb524&#8243; img_size=\u00bbfull\u00bb alignment=\u00bbcenter\u00bb][\/vc_column][vc_column width=\u00bb1\/3&#8243; offset=\u00bbvc_col-xs-8&#8243;][vc_column_text]<\/p>\n<h5>Plantilla anti-perforaci\u00f3n met\u00e1lica<\/h5>\n<p>Plantilla de acero inoxidable tradicional. Resistente a la perforaci\u00f3n de la suela m\u00e1s de 1.100 N. Certificada EN 12568.[\/vc_column_text][\/vc_column][\/vc_row][vc_row][vc_column][vc_empty_space height=\u00bb60px\u00bb][\/vc_column][\/vc_row][vc_row force_equal_height_columns=\u00bbmain_row\u00bb align_content_vertically=\u00bbyes\u00bb][vc_column width=\u00bb1\/6&#8243; offset=\u00bbvc_col-xs-4&#8243;][vc_single_image image=\u00bb540&#8243; img_size=\u00bbfull\u00bb alignment=\u00bbcenter\u00bb][\/vc_column][vc_column width=\u00bb1\/3&#8243; offset=\u00bbvc_col-xs-8&#8243;][vc_column_text]<\/p>\n<h5>Puntera de seguridad de composite<\/h5>\n<p>Puntera de composite no met\u00e1lico.\u00a050% m\u00e1s ligero que el acero. Amagn\u00e9tico. No detectable en arcos de detecci\u00f3n de metales. Certificada EN12568.[\/vc_column_text][\/vc_column][vc_column width=\u00bb1\/6&#8243; offset=\u00bbvc_col-xs-4&#8243;][vc_single_image image=\u00bb525&#8243; img_size=\u00bbfull\u00bb alignment=\u00bbcenter\u00bb][\/vc_column][vc_column width=\u00bb1\/3&#8243; offset=\u00bbvc_col-xs-8&#8243;][vc_column_text]<\/p>\n<h5>Plantilla anti-perforaci\u00f3n textil<\/h5>\n<p>Plantilla anti-perforante no met\u00e1lica Q3\u00ae de Mor\u00f3n. Cubre el 100% de la planta del pie. Mejor aislamiento t\u00e9rmico. Amagn\u00e9tica. No detestable por arcos de detecci\u00f3n de metales. Certificada EN12568.[\/vc_column_text][\/vc_column][\/vc_row][vc_row][vc_column][vc_empty_space height=\u00bb60px\u00bb][\/vc_column][\/vc_row][vc_row force_equal_height_columns=\u00bbmain_row\u00bb align_content_vertically=\u00bbyes\u00bb][vc_column width=\u00bb1\/6&#8243; offset=\u00bbvc_col-xs-4&#8243;][vc_single_image image=\u00bb539&#8243; img_size=\u00bbfull\u00bb alignment=\u00bbcenter\u00bb][\/vc_column][vc_column width=\u00bb1\/3&#8243; offset=\u00bbvc_col-xs-8&#8243;][vc_column_text]<\/p>\n<h5>Puntera de seguridad de aluminio<\/h5>\n<p>Puntera de aluminio ultraligero. 50% m\u00e1s ligero que el acero e igual resistencia. No alimenta el calor. Certificada EN12568[\/vc_column_text][\/vc_column][vc_column width=\u00bb1\/6&#8243;][\/vc_column][vc_column width=\u00bb2\/6&#8243;][\/vc_column][\/vc_row][vc_row][vc_column][vc_empty_space height=\u00bb60px\u00bb][vc_separator style=\u00bbdotted\u00bb border_width=\u00bb2&#8243;][vc_empty_space height=\u00bb60px\u00bb][\/vc_column][\/vc_row][vc_row force_equal_height_columns=\u00bbmain_row\u00bb align_content_vertically=\u00bbyes\u00bb][vc_column width=\u00bb1\/6&#8243; offset=\u00bbvc_col-xs-4&#8243;][vc_single_image image=\u00bb522&#8243; img_size=\u00bbfull\u00bb alignment=\u00bbcenter\u00bb][\/vc_column][vc_column width=\u00bb1\/3&#8243; offset=\u00bbvc_col-xs-8&#8243;][vc_column_text]<\/p>\n<h5>COOL MAX\u00ae<\/h5>\n<p>De INVISTA maxima capilaridad para alejar el sudor, favorecer la circulaci\u00f3n de aire y secado r\u00e1pido.[\/vc_column_text][\/vc_column][vc_column width=\u00bb1\/6&#8243;][\/vc_column][vc_column width=\u00bb2\/6&#8243;][\/vc_column][\/vc_row][vc_row][vc_column][vc_empty_space height=\u00bb60px\u00bb][\/vc_column][\/vc_row][vc_row force_equal_height_columns=\u00bbmain_row\u00bb align_content_vertically=\u00bbyes\u00bb][vc_column width=\u00bb1\/6&#8243; offset=\u00bbvc_col-xs-4&#8243;][vc_single_image image=\u00bb523&#8243; img_size=\u00bbfull\u00bb alignment=\u00bbcenter\u00bb][\/vc_column][vc_column width=\u00bb1\/3&#8243; offset=\u00bbvc_col-xs-8&#8243;][vc_column_text]<\/p>\n<h5>ERGO BED CONFORT INSOLE<\/h5>\n<p>Plantilla higi\u00e9nica anat\u00f3mica que aporta un gran confort en largas jornadas de trabajo.[\/vc_column_text][\/vc_column][vc_column width=\u00bb1\/6&#8243;][\/vc_column][vc_column width=\u00bb2\/6&#8243;][\/vc_column][\/vc_row][vc_row][vc_column][vc_empty_space height=\u00bb60px\u00bb][\/vc_column][\/vc_row][vc_row force_equal_height_columns=\u00bbmain_row\u00bb align_content_vertically=\u00bbyes\u00bb][vc_column width=\u00bb1\/6&#8243; offset=\u00bbvc_col-xs-4&#8243;][vc_single_image image=\u00bb529&#8243; img_size=\u00bbfull\u00bb alignment=\u00bbcenter\u00bb][\/vc_column][vc_column width=\u00bb1\/3&#8243; offset=\u00bbvc_col-xs-8&#8243;][vc_column_text]<\/p>\n<h5>ESD Electrostatic Discharge PROTECTION<\/h5>\n<p>Calzado de seguridad y de uso profesional especial contra descargas electroest\u00e1ticas (ESD). Apto para ser utilizado en las \u00e1reas de protecci\u00f3n electroest\u00e1ticas (EPA) existentes en la industria de la fabricaci\u00f3n y manipulado de componentes el\u00e9ctricos y electr\u00f3nicos.[\/vc_column_text][\/vc_column][vc_column width=\u00bb1\/6&#8243;][\/vc_column][vc_column width=\u00bb2\/6&#8243;][\/vc_column][\/vc_row]<\/p>\n<\/div>","protected":false},"excerpt":{"rendered":"<p>[vc_row][vc_column][vc_column_text] Simbolog\u00eda [\/vc_column_text][vc_empty_space height=\u00bb50&#8243;][\/vc_column][\/vc_row][vc_row force_equal_height_columns=\u00bbmain_row\u00bb align_content_vertically=\u00bbyes\u00bb][vc_column width=\u00bb1\/6&#8243; offset=\u00bbvc_col-xs-4&#8243;][vc_single_image image=\u00bb512&#8243; img_size=\u00bbfull\u00bb alignment=\u00bbcenter\u00bb][\/vc_column][vc_column width=\u00bb1\/3&#8243; offset=\u00bbvc_col-xs-8&#8243;][vc_column_text]Suela resistente al calor hasta 300\u00baC.[\/vc_column_text][\/vc_column][vc_column width=\u00bb1\/6&#8243; offset=\u00bbvc_col-xs-4&#8243;][vc_single_image image=\u00bb516&#8243; img_size=\u00bbfull\u00bb alignment=\u00bbcenter\u00bb][\/vc_column][vc_column width=\u00bb1\/3&#8243; offset=\u00bbvc_col-xs-8&#8243;][vc_column_text]Ultra ligero[\/vc_column_text][\/vc_column][\/vc_row][vc_row][vc_column][vc_empty_space height=\u00bb30px\u00bb][\/vc_column][\/vc_row][vc_row force_equal_height_columns=\u00bbmain_row\u00bb align_content_vertically=\u00bbyes\u00bb][vc_column width=\u00bb1\/6&#8243;<\/p>\n","protected":false},"author":3,"featured_media":0,"parent":0,"menu_order":0,"comment_status":"closed","ping_status":"closed","template":"","meta":{"_acf_changed":false,"footnotes":""},"class_list":["post-575","page","type-page","status-publish","hentry"],"acf":[],"_links":{"self":[{"href":"https:\/\/www.trueno.com\/index.php\/wp-json\/wp\/v2\/pages\/575","targetHints":{"allow":["GET"]}}],"collection":[{"href":"https:\/\/www.trueno.com\/index.php\/wp-json\/wp\/v2\/pages"}],"about":[{"href":"https:\/\/www.trueno.com\/index.php\/wp-json\/wp\/v2\/types\/page"}],"author":[{"embeddable":true,"href":"https:\/\/www.trueno.com\/index.php\/wp-json\/wp\/v2\/users\/3"}],"replies":[{"embeddable":true,"href":"https:\/\/www.trueno.com\/index.php\/wp-json\/wp\/v2\/comments?post=575"}],"version-history":[{"count":21,"href":"https:\/\/www.trueno.com\/index.php\/wp-json\/wp\/v2\/pages\/575\/revisions"}],"predecessor-version":[{"id":577,"href":"https:\/\/www.trueno.com\/index.php\/wp-json\/wp\/v2\/pages\/575\/revisions\/577"}],"wp:attachment":[{"href":"https:\/\/www.trueno.com\/index.php\/wp-json\/wp\/v2\/media?parent=575"}],"curies":[{"name":"wp","href":"https:\/\/api.w.org\/{rel}","templated":true}]}}