{"id":1882,"date":"2025-01-07T16:29:30","date_gmt":"2025-01-07T16:29:30","guid":{"rendered":"https:\/\/www.trueno.com\/?page_id=1882"},"modified":"2025-01-07T16:29:30","modified_gmt":"2025-01-07T16:29:30","slug":"politica-de-privacidad","status":"publish","type":"page","link":"https:\/\/www.trueno.com\/index.php\/politica-de-privacidad\/","title":{"rendered":"Pol\u00edtica de Privacidad"},"content":{"rendered":"<div class=\"wpb-content-wrapper\"><p>[vc_row][vc_column][vc_empty_space][\/vc_column][\/vc_row][vc_row][vc_column][vc_column_text css=\u00bb\u00bb]<\/p>\n<p style=\"text-align: center;\"><strong>POL\u00cdTICA DE PRIVACIDAD<\/strong><\/p>\n<p>[\/vc_column_text][\/vc_column][\/vc_row][vc_row][vc_column][vc_empty_space][\/vc_column][\/vc_row][vc_row][vc_column][vc_column_text css=\u00bb\u00bb]<\/p>\n<p>Ponemos a su disposici\u00f3n la presente Pol\u00edtica de Privacidad con la finalidad de informarle detalladamente sobre c\u00f3mo tratamos sus datos personales y protegemos su privacidad y la informaci\u00f3n que nos proporciona.<\/p>\n<p>Si, en el futuro, introduj\u00e9semos modificaciones en esta Pol\u00edtica de Privacidad, se lo comunicaremos a trav\u00e9s de esta p\u00e1gina web o por otros medios, de modo que pueda usted conocer las nuevas condiciones de privacidad que se adopten.<\/p>\n<p>Le informamos a continuaci\u00f3n, en forma de preguntas y respuestas, de las condiciones en las que nuestra entidad trata sus datos personales:<\/p>\n<p><strong>\u00bfQui\u00e9n es el responsable del tratamiento de sus datos?<\/strong><\/p>\n<ul>\n<li>Identidad: TRUENO SAFETY, S.L.<\/li>\n<li>CIF: B-39789714<\/li>\n<li>Direcci\u00f3n postal: Pol. El Raposal II, C\/ Alpargateros 19-20, 26580 \u2013 Arnedo (LA RIOJA)<\/li>\n<li>Tel\u00e9fono: +34 941 38 06 36.<\/li>\n<li>Correo electr\u00f3nico: trueno@trueno.com<\/li>\n<\/ul>\n<p><strong>\u00bfCon qu\u00e9 finalidad tratamos sus datos personales?<\/strong><\/p>\n<p>Tratamos los datos personales que nos facilite con los siguientes fines:<\/p>\n<p>a) La gesti\u00f3n de la relaci\u00f3n con el cliente y la facturaci\u00f3n y cobro de los servicios. El suministro de los datos con este fin por parte de nuestros clientes es obligado, impidi\u00e9ndose en otro caso el cumplimiento del contrato.<\/p>\n<p>b) Enviar encuestas de satisfacci\u00f3n sobre la calidad del servicio prestado. El env\u00edo de estas encuestas tiene como finalidad valorar la opini\u00f3n de los clientes sobre los servicios ofrecidos por la entidad con el objeto de mejorar de cara a estos en aquellos aspectos en los que lo necesitemos.<\/p>\n<p>c) La gesti\u00f3n de las relaciones con nuestros proveedores, as\u00ed como la facturaci\u00f3n y pago de los servicios. Con este fin, es obligatorio que el proveedor nos facilite sus datos, ya que, en caso contrario, no podr\u00eda ejecutarse el contrato.<\/p>\n<p>d) Canalizar las solicitudes de informaci\u00f3n, sugerencias y reclamaciones que nos pueda hacer llegar, contactar con el remitente de la informaci\u00f3n, dar respuesta a su petici\u00f3n o consulta y hacer un seguimiento posterior. El hecho de facilitar los datos con este fin es voluntario, aunque, en caso de no hacerlo, no se podr\u00e1 responder a la solicitud, consulta o reclamaci\u00f3n. Por tanto, la comunicaci\u00f3n de sus datos personales a estos efectos es un requisito necesario para que podamos atender esas peticiones.<\/p>\n<p>e) El env\u00edo de comunicaciones comerciales de nuestros productos o servicios. Si usted es nuestro cliente, le remitiremos dichas comunicaciones, salvo que manifieste su voluntad en contra marcando la correspondiente casilla en el momento de facilitar sus datos o, con posterioridad, comunic\u00e1ndonoslo a trav\u00e9s de cualquier medio.<br \/>\nPor el contrario, si usted no llega a contratar nuestros productos o servicios, no le remitiremos informaci\u00f3n comercial, salvo que nos autorice expresamente a ello. La autorizaci\u00f3n es voluntaria y su negativa s\u00f3lo tendr\u00eda como consecuencia que usted no recibir\u00eda ofertas comerciales de nuestros productos o servicios.<br \/>\nEn relaci\u00f3n con el env\u00edo de las referidas comunicaciones, en base a la informaci\u00f3n facilitada, podemos elaborar perfiles comerciales, para ofrecerle los productos y servicios que mejor se ajusten a sus intereses.<\/p>\n<p>f) En caso de que nos remita su CV, lo trataremos para disponer de informaci\u00f3n de aquellas personas que desean hacer pr\u00e1cticas y\/o trabajar con nosotros con objeto de poder llevar a cabo los correspondientes procesos de selecci\u00f3n de personal.<\/p>\n<p>g) En caso de que se haga amigo o seguidor nuestro en redes sociales, trataremos sus datos para mantenerle informado de nuestras actividades y promociones a trav\u00e9s de dichos canales. El hecho de facilitar los datos con este fin es voluntario, aunque, en caso de no hacerlo, no podr\u00e1 ser amigo o seguidor nuestro en la correspondiente red social. Las categor\u00edas de datos que se tratan con este fin son datos identificativos.<\/p>\n<p><strong>\u00bfDurante cu\u00e1nto tiempo trataremos sus datos?<\/strong><\/p>\n<p>S\u00f3lo conservamos sus datos por el periodo de tiempo necesario para cumplir con la finalidad para la que fueron recogidos, dar cumplimiento a las obligaciones legales que nos vienen impuestas y atender las posibles responsabilidades que pudieran derivar del cumplimiento de la finalidad para la que los datos fueron recabados.<\/p>\n<p>Los datos para la gesti\u00f3n de la relaci\u00f3n con los clientes y proveedores y la facturaci\u00f3n y cobro de los servicios ser\u00e1n conservados con ese fin durante todo el tiempo en que el contrato est\u00e9 vigente. Una vez finalizada dicha relaci\u00f3n, en su caso, los datos podr\u00e1n ser conservados durante el tiempo exigido por la legislaci\u00f3n aplicable y hasta que prescriban las eventuales responsabilidades derivadas del contrato.<\/p>\n<p>Los datos para la realizaci\u00f3n de encuestas se conservar\u00e1n durante el plazo necesario para llevar a cabo las auditorias de calidad de la entidad y, una vez finalizadas, los datos se mantendr\u00e1n bloqueados para la atenci\u00f3n de posibles responsabilidades derivadas del tratamiento y solo por el plazo de prescripci\u00f3n de las mismas.<\/p>\n<p>Los datos para el env\u00edo de comunicaciones comerciales de nuestros productos o servicios ser\u00e1n conservados indefinidamente hasta que, en su caso, usted nos manifieste su voluntad de suprimirlos o su deseo de dejar de recibir dichas comunicaciones.\/p&gt;<\/p>\n<p>Los datos de potenciales clientes que no lleguen a contratar nuestros productos o servicios y que no deseen recibir informaci\u00f3n comercial, ser\u00e1n suprimidos cuando se confirme que no se llevar\u00e1 a cabo la contrataci\u00f3n. En caso de que, de la previa relaci\u00f3n entre las partes, aun no consumada, pudiera ocasionar eventuales responsabilidades, los datos se conservar\u00e1n hasta que estas prescriban.<\/p>\n<p>Los datos tratados para atender solicitudes, peticiones, consultas o reclamaciones ser\u00e1n conservados durante el tiempo necesario para dar respuesta a ellas y darlas por definitivamente cerradas. Posteriormente, ser\u00e1n conservados a modo de hist\u00f3rico de comunicaciones durante un plazo de un a\u00f1o, salvo que usted solicite su supresi\u00f3n antes.<\/p>\n<p>Los datos que nos facilite o que obtengamos para tomar parte en un concreto proceso de selecci\u00f3n de personal abierto ser\u00e1n conservados hasta que dicho proceso concluya y cancelados despu\u00e9s, salvo que el candidato resulte seleccionado, en cuyo caso se incorporar\u00e1n a su ficha de empleado. Si los candidatos que no resulten seleccionados desean que conservemos sus CV para futuros procesos de selecci\u00f3n, deber\u00e1n solicitarlo expresamente a trav\u00e9s de correo electr\u00f3nico. En este \u00faltimo caso, as\u00ed como cuando usted nos facilite su CV de forma espont\u00e1nea, simplemente para que lo tengamos en cuenta en futuros procesos de selecci\u00f3n, los datos se conservar\u00e1n por un m\u00e1ximo de un a\u00f1o desde la \u00faltima actualizaci\u00f3n. Debe usted mantener actualizados los datos personales que nos suministre; en especial, los relativos a formaci\u00f3n y experiencia profesional.<\/p>\n<p>En ocasiones, durante los procesos de selecci\u00f3n, puede acudirse a portales de empleo para buscar candidatos que se adec\u00faen a los perfiles profesionales que nos resulten de inter\u00e9s, con sujeci\u00f3n a las Pol\u00edticas de Privacidad de dichas plataformas. Las categor\u00edas de datos personales tratados en estos casos son las siguientes: datos identificativos, datos de caracter\u00edsticas personales, datos de detalles de empleo, datos acad\u00e9micos y profesionales y cualquier otra informaci\u00f3n que el candidato haya publicado en el portal de empleo o incluido en su CV.<\/p>\n<p>Los datos facilitados a trav\u00e9s de redes sociales ser\u00e1n conservados mientras usted permanezca como amigo o seguidor nuestro en la correspondiente plataforma.<\/p>\n<p><strong>\u00bfCu\u00e1l es la legitimaci\u00f3n para el tratamiento de sus datos? <\/strong><\/p>\n<p>La base legal para el tratamiento de sus datos en caso de ser cliente o proveedor es la ejecuci\u00f3n de la relaci\u00f3n contractual existente entre las partes.<\/p>\n<p>El env\u00edo de encuestas de satisfacci\u00f3n sobre la calidad del servicio prestado tiene como base la satisfacci\u00f3n del inter\u00e9s leg\u00edtimo empresarial consistente en poder valorar su opini\u00f3n sobre los servicios ofrecidos por la entidad con el objeto de mejorar de cara a nuestros clientes en aquellos aspectos en los que lo necesitemos. Dicho inter\u00e9s leg\u00edtimo se considera prevalente teniendo en cuenta que:<\/p>\n<ul>\n<li>Se van a remitir a clientes de la Entidad.<\/li>\n<li>Para este fin solo se tratar\u00e1n los datos m\u00ednimos necesarios.<\/li>\n<li>El medio elegido (env\u00edo de correo electr\u00f3nico con la encuesta digital) es el m\u00e1s id\u00f3neo y el menos intrusivo para la privacidad de los destinatarios.<\/li>\n<\/ul>\n<p>La oferta prospectiva de productos y servicios a nuestros clientes tiene como base la satisfacci\u00f3n del inter\u00e9s leg\u00edtimo empresarial consistente en poder ofrecerles la contrataci\u00f3n de otros productos o servicios y conseguir as\u00ed su fidelizaci\u00f3n. Dicho inter\u00e9s leg\u00edtimo se reconoce por la normativa legal aplicable (Reglamento General de Protecci\u00f3n de Datos), que permite expresamente el tratamiento de datos personales sobre esa base legal con fines de mercadotecnia directa. No obstante, le recordamos que tiene usted derecho a oponerse a este tratamiento de sus datos, pudiendo hacerlo por cualquiera de los medios previstos en esta cl\u00e1usula.<\/p>\n<p>La oferta prospectiva de productos y servicios a quienes, habiendo mostrado inter\u00e9s en aquellos, no son o no han llegado a convertirse en nuestros clientes, tiene como base el consentimiento del interesado. Dicho consentimiento es revocable en cualquier momento, sin que ello tenga m\u00e1s consecuencias que dejar de recibir la publicidad y sin que ello afecte a los tratamientos de datos realizados con anterioridad.<\/p>\n<p>El tratamiento de datos personales para la respuesta a sus solicitudes de informaci\u00f3n, peticiones, consultas y reclamaciones tiene como base el consentimiento de la persona interesada. Puede retirarse dicho consentimiento en cualquier momento, si bien ello no afectar\u00e1 a la licitud de los tratamientos efectuados con anterioridad.<\/p>\n<p>La base legitimadora del tratamiento de los CV que usted nos remita o que obtengamos de plataformas de empleo para un concreto proceso de selecci\u00f3n de personal abierto es la existencia de una relaci\u00f3n precontractual. Adicionalmente, puede que se recaben m\u00e1s datos durante las entrevistas o procesos de selecci\u00f3n, cuyo tratamiento tiene el mismo fundamento.<\/p>\n<p>La base legal para el tratamiento de los datos contenidos en su CV, cuando nos haya pedido que lo conservemos tras un proceso de selecci\u00f3n o que nos haya remitido usted de forma espont\u00e1nea, es su consentimiento, pudiendo revocarse en cualquier momento. No obstante, los tratamientos de datos efectuados con anterioridad no perder\u00e1n su licitud por el hecho de que el consentimiento se haya revocado.<\/p>\n<p>Los datos facilitados a trav\u00e9s de redes sociales ser\u00e1n tratados sobre la base jur\u00eddica de su consentimiento, pudiendo revocarlo en cualquier momento, aunque ello no afectar\u00e1 a la licitud de los tratamientos efectuados con anterioridad.<\/p>\n<p>Las categor\u00edas de datos tratadas son las que se soliciten en cada caso el formulario o contrato a trav\u00e9s del cual nos facilite sus datos.<\/p>\n<p><strong>\u00bfA qu\u00e9 destinatarios se comunicar\u00e1n sus datos? <\/strong><\/p>\n<p>Los datos ser\u00e1n comunicados a las siguientes entidades:<\/p>\n<p>a) Las Administraciones P\u00fablicas competentes, incluidos jueces y tribunales, en los casos previstos en la Ley y para los fines en ella definidos.<\/p>\n<p>b) Las entidades financieras a trav\u00e9s de las que se articule la gesti\u00f3n de cobros y pagos.<\/p>\n<p>La entidad utiliza MailChimp (entidad perteneciente al grupo Intuit) como herramienta para el env\u00edo de publicidad. La utilizaci\u00f3n de dicho software implica la realizaci\u00f3n de transferencias internacionales a EEUU. Dicha transferencia se realiza al amparo de la decisi\u00f3n de adecuaci\u00f3n de la Comisi\u00f3n Europea (EU-USA Data Privacy Framework https:\/\/ec.europa.eu\/commission\/presscorner\/detail\/en\/ip_23_3721, puesto que la entidad se encuentra adherida a Data Privacy Framework (https:\/\/www.dataprivacyframework.gov\/list).<\/p>\n<p>Aunque no se trata de una cesi\u00f3n de datos, puede ser que terceras empresas, que act\u00faan como proveedores nuestros, accedan a su informaci\u00f3n para llevar a cabo el servicio. Estos encargados acceden a sus datos siguiendo nuestras instrucciones y sin que puedan utilizarlos para una finalidad diferente y manteniendo la m\u00e1s estricta confidencialidad y en base a un contrato en el que se comprometen a cumplir las exigencias de la vigente normativa en materia de protecci\u00f3n de datos personales.<\/p>\n<p><strong>\u00bfCu\u00e1les son sus derechos cuando nos facilita sus datos? <\/strong><\/p>\n<p>Cualquier persona tiene derecho a obtener confirmaci\u00f3n sobre si estamos tratando datos personales que le conciernan, o no. Las personas interesadas tienen derecho a acceder a sus datos personales, as\u00ed como a solicitar la rectificaci\u00f3n de los datos inexactos o, en su caso, solicitar su supresi\u00f3n cuando, entre otros motivos, los datos ya no sean necesarios para los fines para los que fueron recogidos.<\/p>\n<p>En las condiciones previstas en el Reglamento General de Protecci\u00f3n de Datos, los interesados podr\u00e1n solicitar la limitaci\u00f3n del tratamiento de sus datos o su portabilidad, en cuyo caso \u00fanicamente los conservaremos para el ejercicio o la defensa de reclamaciones.<\/p>\n<p>En determinadas circunstancias y por motivos relacionados con su situaci\u00f3n particular, los interesados podr\u00e1n oponerse al tratamiento de sus datos. Si usted ha otorgado el consentimiento para alguna finalidad espec\u00edfica, tiene derecho a retirarlo en cualquier momento, sin que ello afecte a la licitud del tratamiento basado en el consentimiento previo a su retirada. En estos supuestos dejaremos de tratar los datos o, en su caso, dejaremos de hacerlo para esa finalidad en concreto, salvo por motivos leg\u00edtimos imperiosos, o el ejercicio o la defensa de posibles reclamaciones.<br \/>\nAdem\u00e1s, la normativa en materia de protecci\u00f3n de datos permite que pueda oponerse a ser objeto de decisiones basadas \u00fanicamente en el tratamiento automatizado de sus datos, cuando proceda.<\/p>\n<p>Los antedichos derechos se caracterizan por lo siguiente<\/p>\n<ul>\n<li>Su ejercicio es gratuito, salvo que se trate de solicitudes manifiestamente infundadas o excesivas (p. ej., car\u00e1cter repetitivo), en cuyo caso podr\u00e1 cobrarse un canon proporcional a los costes administrativos soportados o negarse a actuar<\/li>\n<li>Puede ejercer los derechos directamente o por medio de tu representante legal o voluntario<\/li>\n<li>Se debe responder a su solicitud en el plazo de un mes, aunque, si se tiene en cuenta la complejidad y n\u00famero de solicitudes, se puede prorrogar el plazo en otros dos meses m\u00e1s.<\/li>\n<li>Tenemos la obligaci\u00f3n de informarle sobre los medios para ejercitar estos derechos, los cuales deben ser accesibles y sin poder denegarle el ejercicio del derecho por el solo motivo de optar por otro medio. Si la solicitud se presenta por medios electr\u00f3nicos, la informaci\u00f3n se facilitar\u00e1 por estos medios cuando sea posible, salvo que nos solicite que sea de otro modo.<\/li>\n<li>Si, por cualquier motivo, no se diese curso a la solicitud, le informaremos, a m\u00e1s tardar en un mes, de las razones de ello y de la posibilidad de reclamar ante una Autoridad de Control<\/li>\n<\/ul>\n<p>A fin de facilitar el ejercicio de los referidos derechos, le facilitamos a continuaci\u00f3n los enlaces al formulario de solicitud de cada uno de ellos:<\/p>\n<ul>\n<li><a href=\"https:\/\/www.aepd.es\/documento\/formulario-derecho-de-acceso.pdf\" target=\"_blank\" rel=\"noopener\">Formulario ejercicio del derecho de acceso<\/a><\/li>\n<li><a href=\"https:\/\/www.aepd.es\/documento\/formulario-derecho-de-rectificacion.pdf\" target=\"_blank\" rel=\"noopener\">Formulario de ejercicio del derecho de rectificaci\u00f3n<\/a><\/li>\n<li><a href=\"https:\/\/www.aepd.es\/documento\/formulario-derecho-de-oposicion.pdf\" target=\"_blank\" rel=\"noopener\">Formulario de ejercicio del derecho de oposici\u00f3n<\/a><\/li>\n<li><a href=\"https:\/\/www.aepd.es\/documento\/formulario-derecho-de-supresion.pdf\" target=\"_blank\" rel=\"noopener\">Formulario de ejercicio del derecho de supresi\u00f3n (derecho \u201cal olvido\u201d)<\/a><\/li>\n<li><a href=\"https:\/\/www.aepd.es\/documento\/formulario-derecho-de-limitacion.pdf\" target=\"_blank\" rel=\"noopener\">Formulario de ejercicio del derecho a la limitaci\u00f3n del tratamiento<\/a><\/li>\n<li><a href=\"https:\/\/www.aepd.es\/documento\/formulario-derecho-de-portabilidad.pdf\" target=\"_blank\" rel=\"noopener\">Formulario de ejercicios del derecho a la portabilidad<\/a><\/li>\n<li><a href=\"https:\/\/www.aepd.es\/documento\/formulario-derecho-de-oposicion-decisiones-automatizadas.pdf\" target=\"_blank\" rel=\"noopener\">Formulario de ejercicio a no ser objeto de decisiones individuales automatizadas<\/a><\/li>\n<\/ul>\n<p>Todos los derechos mencionados pueden ejercerse a trav\u00e9s de los medios de contacto que figuran al principio de esta cl\u00e1usula.<\/p>\n<p>Frente a cualquier vulneraci\u00f3n de sus derechos, especialmente cuando usted no haya obtenido satisfacci\u00f3n en su ejercicio, puede presentar una reclamaci\u00f3n ante la Agencia Espa\u00f1ola de Protecci\u00f3n de Datos (datos de contacto accesibles en www.aepd.es), u otra autoridad de control competente. Tambi\u00e9n puede obtener m\u00e1s informaci\u00f3n sobre los derechos que le asisten dirigi\u00e9ndose a dichos organismos.<\/p>\n<p><strong>\u00bfC\u00f3mo protegemos sus datos personales?<\/strong><\/p>\n<p>Tenemos el firme compromiso de proteger los datos personales que tratamos. Utilizamos medidas, controles y procedimientos de car\u00e1cter f\u00edsico, organizativo y tecnol\u00f3gico, razonablemente fiables y efectivos, orientados a preservar la integridad y la seguridad de sus datos y garantizar su privacidad.<\/p>\n<p>Adem\u00e1s, todo el personal con acceso a los datos personales ha sido formado y tiene conocimiento de sus obligaciones con relaci\u00f3n a los tratamientos de sus datos personales.<\/p>\n<p>En el caso de los contratos que suscribimos con nuestros proveedores incluimos cl\u00e1usulas en las que se les exige mantener el deber de secreto respecto a los datos de car\u00e1cter personal a los que hayan tenido acceso en virtud del encargo realizado, as\u00ed como implantar las medidas de seguridad t\u00e9cnicas y organizativas necesarias para garantizar la confidencialidad, integridad, disponibilidad y resiliencia permanentes de los sistemas y servicios de tratamiento de los datos personales.<\/p>\n<p>Todas estas medidas de seguridad son revisadas de forma peri\u00f3dica para garantizar su adecuaci\u00f3n y efectividad.<\/p>\n<p>Sin embargo, la seguridad absoluta no se puede garantizar y no existe ning\u00fan sistema de seguridad que sea impenetrable por lo que, en el caso de cualquier informaci\u00f3n objeto de tratamiento y bajo nuestro control se viese comprometida como consecuencia de una brecha de seguridad, tomaremos las medidas adecuadas para investigar el incidente, notificarlo a la Autoridad de Control y, en su caso, a aquellos usuarios que se hubieran podido ver afectados para que tomen las medidas adecuadas.<\/p>\n<p><strong>\u00bfCu\u00e1l es su responsabilidad como titular de los datos?<\/strong><\/p>\n<p>Al facilitarnos sus datos personales, la persona que lo haga garantiza que es mayor de 14 a\u00f1os y que los datos facilitados son verdaderos, exactos, completos y actualizados.<\/p>\n<p>A estos efectos, el interesado responde de la veracidad de los datos y los deber\u00e1 mantener convenientemente actualizados de modo que respondan a su situaci\u00f3n real, haci\u00e9ndose responsable de los datos falsos e inexactos que pudiera proporcionar, as\u00ed como de los da\u00f1os y perjuicios, directos o indirectos, que pudieran derivarse.<\/p>\n<p>Si usted facilita datos de terceros, asume la responsabilidad de informarles previamente de todo lo previsto en el art\u00edculo 14 del Reglamento General de Protecci\u00f3n de Datos en las condiciones establecidas en dicho precepto.<\/p>\n<p>[\/vc_column_text][\/vc_column][\/vc_row]<\/p>\n<\/div>","protected":false},"excerpt":{"rendered":"<p>[vc_row][vc_column][vc_empty_space][\/vc_column][\/vc_row][vc_row][vc_column][vc_column_text css=\u00bb\u00bb] POL\u00cdTICA DE PRIVACIDAD [\/vc_column_text][\/vc_column][\/vc_row][vc_row][vc_column][vc_empty_space][\/vc_column][\/vc_row][vc_row][vc_column][vc_column_text css=\u00bb\u00bb] Ponemos a su disposici\u00f3n la presente Pol\u00edtica de Privacidad con la finalidad de informarle detalladamente sobre c\u00f3mo tratamos sus datos personales y protegemos<\/p>\n","protected":false},"author":3,"featured_media":0,"parent":0,"menu_order":0,"comment_status":"closed","ping_status":"closed","template":"","meta":{"_acf_changed":false,"footnotes":""},"class_list":["post-1882","page","type-page","status-publish","hentry"],"acf":[],"_links":{"self":[{"href":"https:\/\/www.trueno.com\/index.php\/wp-json\/wp\/v2\/pages\/1882","targetHints":{"allow":["GET"]}}],"collection":[{"href":"https:\/\/www.trueno.com\/index.php\/wp-json\/wp\/v2\/pages"}],"about":[{"href":"https:\/\/www.trueno.com\/index.php\/wp-json\/wp\/v2\/types\/page"}],"author":[{"embeddable":true,"href":"https:\/\/www.trueno.com\/index.php\/wp-json\/wp\/v2\/users\/3"}],"replies":[{"embeddable":true,"href":"https:\/\/www.trueno.com\/index.php\/wp-json\/wp\/v2\/comments?post=1882"}],"version-history":[{"count":1,"href":"https:\/\/www.trueno.com\/index.php\/wp-json\/wp\/v2\/pages\/1882\/revisions"}],"predecessor-version":[{"id":1883,"href":"https:\/\/www.trueno.com\/index.php\/wp-json\/wp\/v2\/pages\/1882\/revisions\/1883"}],"wp:attachment":[{"href":"https:\/\/www.trueno.com\/index.php\/wp-json\/wp\/v2\/media?parent=1882"}],"curies":[{"name":"wp","href":"https:\/\/api.w.org\/{rel}","templated":true}]}}