{"id":12,"date":"2016-01-29T12:09:51","date_gmt":"2016-01-29T12:09:51","guid":{"rendered":"https:\/\/www.trueno.com\/?page_id=12"},"modified":"2024-05-14T06:54:25","modified_gmt":"2024-05-14T06:54:25","slug":"home","status":"publish","type":"page","link":"https:\/\/www.trueno.com\/","title":{"rendered":"Home"},"content":{"rendered":"<div class=\"wpb-content-wrapper\"><p>[vc_row][vc_column][vc_video align=\u00bbcenter\u00bb link=\u00bbhttps:\/\/vimeo.com\/239464872&#8243;][\/vc_column][\/vc_row][vc_row][vc_column][vc_row_inner][vc_column_inner][vc_empty_space height=\u00bb50&#8243;][\/vc_column_inner][\/vc_row_inner][\/vc_column][\/vc_row][vc_row][vc_column][vc_row_inner][vc_column_inner width=\u00bb1\/4&#8243; offset=\u00bbvc_col-md-3 vc_col-xs-3&#8243;][\/vc_column_inner][vc_column_inner width=\u00bb1\/2&#8243; offset=\u00bbvc_col-md-6 vc_col-xs-6&#8243;][vc_single_image image=\u00bb1025&#8243; img_size=\u00bbfull\u00bb alignment=\u00bbcenter\u00bb][\/vc_column_inner][vc_column_inner width=\u00bb1\/4&#8243; offset=\u00bbvc_col-md-3 vc_col-xs-3&#8243;][\/vc_column_inner][\/vc_row_inner][\/vc_column][\/vc_row][vc_row][vc_column offset=\u00bbvc_hidden-sm vc_hidden-xs\u00bb][vc_row_inner][vc_column_inner width=\u00bb1\/12&#8243; offset=\u00bbvc_col-md-1 vc_col-xs-1&#8243;][\/vc_column_inner][vc_column_inner width=\u00bb5\/6&#8243;][vc_column_text]<\/p>\n<h1 style=\"text-align: center;\"><span style=\"color: #878787;\">one step beyond safety<\/span><\/h1>\n<p>[\/vc_column_text][\/vc_column_inner][vc_column_inner width=\u00bb1\/12&#8243;][\/vc_column_inner][\/vc_row_inner][\/vc_column][\/vc_row][vc_row][vc_column column_responsive_mobile_resolutions=\u00bbdfd-apply-mobile\u00bb offset=\u00bbvc_hidden-lg vc_hidden-md\u00bb][vc_row_inner][vc_column_inner][vc_column_text]<\/p>\n<h3 style=\"text-align: center;\"><span style=\"color: #878787;\">one step beyond safety<\/span><\/h3>\n<p>[\/vc_column_text][\/vc_column_inner][\/vc_row_inner][\/vc_column][\/vc_row][vc_row][vc_column][vc_row_inner][vc_column_inner][vc_empty_space height=\u00bb50&#8243;][\/vc_column_inner][\/vc_row_inner][\/vc_column][\/vc_row][vc_row][vc_column offset=\u00bbvc_hidden-sm vc_hidden-xs\u00bb][vc_row_inner][vc_column_inner width=\u00bb1\/12&#8243; offset=\u00bbvc_hidden-sm vc_hidden-xs\u00bb][\/vc_column_inner][vc_column_inner width=\u00bb5\/12&#8243; offset=\u00bbvc_col-md-5 vc_col-xs-12&#8243;][vc_column_text]<\/p>\n<h2><span style=\"color: #878787;\">Un paso m\u00e1s all\u00e1<\/span><\/h2>\n<h2><span style=\"color: #878787;\"> de la seguridad<\/span><\/h2>\n<p>[\/vc_column_text][\/vc_column_inner][vc_column_inner width=\u00bb5\/12&#8243; offset=\u00bbvc_col-md-5 vc_col-xs-12&#8243;][vc_column_text]<\/p>\n<p style=\"text-align: justify;\">Calzados Trueno es la primera empresa en Espa\u00f1a de calzado de seguridad que dispone de la \u00faltima tecnolog\u00eda en m\u00e1quinas de inyecci\u00f3n para calzado que permite la <a href=\"https:\/\/www.trueno.com\/index.php\/inyeccion-directa\/\">INYECCI\u00d3N DIRECTA AL CORTE DE CAUCHO BIDENSIDAD (DDR)<\/a>, actualmente la mejor soluci\u00f3n t\u00e9cnica para la fabricaci\u00f3n de suelas especiales para botas t\u00e9cnicas de alto rendimiento para bomberos, militares, forestales y fundici\u00f3n, dada la alta protecci\u00f3n y resistencia que aportan frente al calor, el fuego, agresiones qu\u00edmicas y atmosf\u00e9ricas y su adherencia entre corte de cuero y suela.<\/p>\n<p>[\/vc_column_text][\/vc_column_inner][vc_column_inner width=\u00bb1\/12&#8243; offset=\u00bbvc_col-md-1 vc_hidden-sm vc_col-xs-1 vc_hidden-xs\u00bb][\/vc_column_inner][\/vc_row_inner][\/vc_column][\/vc_row][vc_row][vc_column offset=\u00bbvc_hidden-lg vc_hidden-md\u00bb][vc_row_inner][vc_column_inner][vc_column_text]<\/p>\n<h4 style=\"text-align: center;\"><span style=\"color: #878787;\">Un paso m\u00e1s all\u00e1 de la seguridad<\/span><\/h4>\n<p>[\/vc_column_text][vc_empty_space height=\u00bb50&#8243;][\/vc_column_inner][vc_column_inner][vc_column_text]<\/p>\n<p style=\"text-align: justify;\">Calzados Trueno es la primera empresa en Espa\u00f1a de calzado de seguridad que dispone de la \u00faltima tecnolog\u00eda en m\u00e1quinas de inyecci\u00f3n para calzado que permite la <a href=\"https:\/\/www.trueno.com\/index.php\/inyeccion-directa\/\">INYECCI\u00d3N DIRECTA AL CORTE DE CAUCHO BIDENSIDAD (DDR)<\/a>, actualmente la mejor soluci\u00f3n t\u00e9cnica para la fabricaci\u00f3n de suelas especiales para botas t\u00e9cnicas de alto rendimiento para bomberos, militares, forestales y fundici\u00f3n, dada la alta protecci\u00f3n y resistencia que aportan frente al calor, el fuego, agresiones qu\u00edmicas y atmosf\u00e9ricas y su adherencia entre corte de cuero y suela.<\/p>\n<p>[\/vc_column_text][\/vc_column_inner][\/vc_row_inner][\/vc_column][\/vc_row][vc_row][vc_column][vc_row_inner][vc_column_inner width=\u00bb1\/2&#8243; offset=\u00bbvc_col-md-6 vc_hidden-sm vc_col-xs-12 vc_hidden-xs\u00bb][vc_single_image image=\u00bb1051&#8243; img_size=\u00bbfull\u00bb alignment=\u00bbcenter\u00bb][\/vc_column_inner][vc_column_inner width=\u00bb5\/12&#8243; offset=\u00bbvc_col-md-5 vc_col-xs-12&#8243; css=\u00bb.vc_custom_1458298227897{padding-top: 30px !important;}\u00bb][vc_column_text]<\/p>\n<p style=\"text-align: justify;\">Calzados Trueno ha primado siempre la innovaci\u00f3n tecnol\u00f3gica y la calidad en el campo de la fabricaci\u00f3n de calzado de seguridad, colaborando activamente con los principales centros tecnol\u00f3gicos como INESCOP, IBV y CTC, trabajando con los mejores partners del sector y adoptando los \u00faltimos avances en maquinaria y mejora de procesos productivos para ofrecer siempre productos de vanguardia en tecnolog\u00eda y dise\u00f1o.<\/p>\n<p style=\"text-align: justify;\">\u00a0 \u00a0 \u00a0 <a href=\"https:\/\/www.trueno.com\/index.php\/materiales\/\">M\u00e1s informaci\u00f3n sobre nuestros Partners<\/a><\/p>\n<p>[\/vc_column_text][\/vc_column_inner][vc_column_inner width=\u00bb1\/12&#8243; offset=\u00bbvc_col-md-1 vc_hidden-sm vc_col-xs-1 vc_hidden-xs\u00bb][\/vc_column_inner][\/vc_row_inner][\/vc_column][\/vc_row][vc_row][vc_column width=\u00bb1\/12&#8243;][\/vc_column][vc_column width=\u00bb5\/12&#8243;][\/vc_column][vc_column width=\u00bb5\/12&#8243;][vc_single_image image=\u00bb1076&#8243; img_size=\u00bbfull\u00bb alignment=\u00bbcenter\u00bb onclick=\u00bbcustom_link\u00bb link=\u00bbhttps:\/\/www.trueno.com\/index.php\/materiales\/\u00bb][\/vc_column][vc_column width=\u00bb1\/12&#8243;][\/vc_column][\/vc_row][vc_row][vc_column offset=\u00bbvc_hidden-sm vc_hidden-xs\u00bb][vc_row_inner][vc_column_inner width=\u00bb1\/12&#8243; offset=\u00bbvc_hidden-sm vc_hidden-xs\u00bb][\/vc_column_inner][vc_column_inner width=\u00bb5\/12&#8243; offset=\u00bbvc_col-md-5 vc_col-xs-12&#8243;][vc_column_text]<\/p>\n<h2><span style=\"color: #878787;\">Un paso por<\/span><\/h2>\n<h2><span style=\"color: #878787;\">delante<\/span><\/h2>\n<p>[\/vc_column_text][\/vc_column_inner][vc_column_inner width=\u00bb5\/12&#8243; offset=\u00bbvc_col-md-5 vc_col-xs-12&#8243;][vc_column_text]<\/p>\n<p style=\"text-align: justify;\">Calzados Trueno exige a sus proveedores de materias primas unos niveles de caracter\u00edsticas y resultados m\u00e1s exigentes que los propios requerimientos de la Normativa Europea para garantizar que sus calzados de seguridad aporten la m\u00e1xima reistencia y durabilidad. Del mismo modo el alto nivel de estos proveedores les permite seleccionar a los fabricantes con los que trabajan, eligiendo s\u00f3lo a los que cumplen con baremos muy altos de calidad y control.<\/p>\n<p>[\/vc_column_text][\/vc_column_inner][vc_column_inner width=\u00bb1\/12&#8243; offset=\u00bbvc_col-md-1 vc_hidden-sm vc_col-xs-1 vc_hidden-xs\u00bb][\/vc_column_inner][\/vc_row_inner][\/vc_column][\/vc_row][vc_row][vc_column][\/vc_column][\/vc_row][vc_row][vc_column][\/vc_column][\/vc_row][vc_row][vc_column offset=\u00bbvc_hidden-lg vc_hidden-md\u00bb][vc_row_inner][vc_column_inner][vc_column_text]<\/p>\n<h4 style=\"text-align: center;\"><span style=\"color: #878787;\">Un paso\u00a0por delante<\/span><\/h4>\n<p>[\/vc_column_text][vc_empty_space height=\u00bb50&#8243;][\/vc_column_inner][vc_column_inner][vc_column_text]<\/p>\n<p style=\"text-align: justify;\">Calzados Trueno exige a sus proveedores de materias primas unos niveles de caracter\u00edsticas y resultados m\u00e1s exigentes que los propios requerimientos de la Normativa Europea para garantizar que sus calzados de seguridad aporten la m\u00e1xima reistencia y durabilidad. Del mismo modo el alto nivel de estos proveedores les permite seleccionar a los fabricantes con los que trabajan, eligiendo s\u00f3lo a los que cumplen con baremos muy altos de calidad y control.<\/p>\n<p>[\/vc_column_text][\/vc_column_inner][\/vc_row_inner][\/vc_column][\/vc_row][vc_row][vc_column width=\u00bb1\/12&#8243;][\/vc_column][vc_column width=\u00bb5\/12&#8243;][\/vc_column][vc_column width=\u00bb5\/12&#8243;][vc_single_image image=\u00bb1338&#8243; img_size=\u00bbfull\u00bb alignment=\u00bbcenter\u00bb onclick=\u00bbcustom_link\u00bb link=\u00bbhttps:\/\/www.trueno.com\/index.php\/materiales\/\u00bb][\/vc_column][vc_column width=\u00bb1\/12&#8243;][\/vc_column][\/vc_row][vc_row][vc_column width=\u00bb1\/12&#8243;][\/vc_column][vc_column width=\u00bb5\/12&#8243;][\/vc_column][vc_column width=\u00bb5\/12&#8243;][vc_column_text]<\/p>\n<p style=\"text-align: justify;\">\u00a0 \u00a0 \u00a0<a href=\"https:\/\/www.trueno.com\/index.php\/materiales\/\"> M\u00e1s informaci\u00f3n sobre nuestros Partners<\/a><\/p>\n<p>[\/vc_column_text][\/vc_column][vc_column width=\u00bb1\/12&#8243;][\/vc_column][\/vc_row][vc_row][vc_column][vc_empty_space height=\u00bb40&#8243;][vc_row_inner][vc_column_inner width=\u00bb1\/4&#8243; offset=\u00bbvc_col-xs-3&#8243;][\/vc_column_inner][vc_column_inner width=\u00bb1\/2&#8243; offset=\u00bbvc_col-xs-6&#8243; css=\u00bb.vc_custom_1615361085939{padding-right: 0px !important;padding-left: 0px !important;}\u00bb][vc_single_image image=\u00bb1571&#8243; img_size=\u00bbfull\u00bb alignment=\u00bbcenter\u00bb][\/vc_column_inner][vc_column_inner width=\u00bb1\/4&#8243; offset=\u00bbvc_col-xs-3&#8243;][\/vc_column_inner][\/vc_row_inner][vc_row_inner][vc_column_inner width=\u00bb1\/4&#8243; offset=\u00bbvc_col-xs-3&#8243;][\/vc_column_inner][vc_column_inner width=\u00bb1\/2&#8243; offset=\u00bbvc_col-xs-6&#8243;][vc_btn title=\u00bbVer cat\u00e1logo\u00bb style=\u00bboutline-custom\u00bb outline_custom_color=\u00bb#878787&#8243; outline_custom_hover_background=\u00bb#878787&#8243; outline_custom_hover_text=\u00bb#ffffff\u00bb shape=\u00bbsquare\u00bb align=\u00bbcenter\u00bb link=\u00bburl:http%3A%2F%2Fwww.trueno.com%2Fwp-content%2Fuploads%2F2024%2F05%2FCatalogo-Trueno-2024_WEB.pdf|||\u00bb][\/vc_column_inner][vc_column_inner width=\u00bb1\/4&#8243; offset=\u00bbvc_col-xs-3&#8243;][\/vc_column_inner][\/vc_row_inner][vc_empty_space height=\u00bb40&#8243;][\/vc_column][\/vc_row][vc_row][vc_column][rev_slider_vc alias=\u00bbhome-2&#8243;][\/vc_column][\/vc_row][vc_row][vc_column][rev_slider_vc alias=\u00bbhome-3&#8243;][\/vc_column][\/vc_row][vc_row][vc_column][rev_slider_vc alias=\u00bbhome-4&#8243;][\/vc_column][\/vc_row][vc_row][vc_column offset=\u00bbvc_hidden-sm vc_hidden-xs\u00bb][vc_row_inner][vc_column_inner width=\u00bb1\/4&#8243; offset=\u00bbvc_col-xs-3&#8243;][\/vc_column_inner][vc_column_inner width=\u00bb1\/2&#8243; offset=\u00bbvc_col-xs-6&#8243;][vc_column_text]<\/p>\n<h2><span style=\"color: #878787;\">Descubre <\/span><\/h2>\n<h2><span style=\"color: #878787;\">la mayor protecci\u00f3n <\/span><\/h2>\n<h2><span style=\"color: #878787;\">sin costuras<\/span><\/h2>\n<p>[\/vc_column_text][\/vc_column_inner][vc_column_inner width=\u00bb1\/4&#8243; offset=\u00bbvc_col-xs-3&#8243;][\/vc_column_inner][\/vc_row_inner][\/vc_column][\/vc_row][vc_row][vc_column offset=\u00bbvc_hidden-lg vc_hidden-md\u00bb][vc_row_inner][vc_column_inner width=\u00bb1\/4&#8243; offset=\u00bbvc_col-xs-3&#8243;][\/vc_column_inner][vc_column_inner width=\u00bb1\/2&#8243; offset=\u00bbvc_col-xs-6&#8243;][vc_column_text]<\/p>\n<h4><span style=\"color: #878787;\">Descubre <\/span><\/h4>\n<h4><span style=\"color: #878787;\">la mayor protecci\u00f3n <\/span><\/h4>\n<h4><span style=\"color: #878787;\">sin costuras<\/span><\/h4>\n<p>[\/vc_column_text][\/vc_column_inner][vc_column_inner width=\u00bb1\/4&#8243; offset=\u00bbvc_col-xs-3&#8243;][\/vc_column_inner][\/vc_row_inner][\/vc_column][\/vc_row][vc_row][vc_column][vc_empty_space height=\u00bb70&#8243;][\/vc_column][\/vc_row][vc_row][vc_column][vc_single_image image=\u00bb1116&#8243; img_size=\u00bbfull\u00bb alignment=\u00bbcenter\u00bb][\/vc_column][\/vc_row][vc_row][vc_column][rev_slider_vc alias=\u00bbhome-5&#8243;][\/vc_column][\/vc_row]<\/p>\n<\/div>","protected":false},"excerpt":{"rendered":"<p>[vc_row][vc_column][vc_video align=\u00bbcenter\u00bb link=\u00bbhttps:\/\/vimeo.com\/239464872&#8243;][\/vc_column][\/vc_row][vc_row][vc_column][vc_row_inner][vc_column_inner][vc_empty_space height=\u00bb50&#8243;][\/vc_column_inner][\/vc_row_inner][\/vc_column][\/vc_row][vc_row][vc_column][vc_row_inner][vc_column_inner width=\u00bb1\/4&#8243; offset=\u00bbvc_col-md-3 vc_col-xs-3&#8243;][\/vc_column_inner][vc_column_inner width=\u00bb1\/2&#8243; offset=\u00bbvc_col-md-6 vc_col-xs-6&#8243;][vc_single_image image=\u00bb1025&#8243; img_size=\u00bbfull\u00bb alignment=\u00bbcenter\u00bb][\/vc_column_inner][vc_column_inner width=\u00bb1\/4&#8243; offset=\u00bbvc_col-md-3 vc_col-xs-3&#8243;][\/vc_column_inner][\/vc_row_inner][\/vc_column][\/vc_row][vc_row][vc_column offset=\u00bbvc_hidden-sm vc_hidden-xs\u00bb][vc_row_inner][vc_column_inner width=\u00bb1\/12&#8243; offset=\u00bbvc_col-md-1 vc_col-xs-1&#8243;][\/vc_column_inner][vc_column_inner width=\u00bb5\/6&#8243;][vc_column_text] one step beyond safety [\/vc_column_text][\/vc_column_inner][vc_column_inner width=\u00bb1\/12&#8243;][\/vc_column_inner][\/vc_row_inner][\/vc_column][\/vc_row][vc_row][vc_column column_responsive_mobile_resolutions=\u00bbdfd-apply-mobile\u00bb offset=\u00bbvc_hidden-lg<\/p>\n","protected":false},"author":3,"featured_media":0,"parent":0,"menu_order":0,"comment_status":"closed","ping_status":"closed","template":"","meta":{"_acf_changed":false,"footnotes":""},"class_list":["post-12","page","type-page","status-publish","hentry"],"acf":[],"_links":{"self":[{"href":"https:\/\/www.trueno.com\/index.php\/wp-json\/wp\/v2\/pages\/12","targetHints":{"allow":["GET"]}}],"collection":[{"href":"https:\/\/www.trueno.com\/index.php\/wp-json\/wp\/v2\/pages"}],"about":[{"href":"https:\/\/www.trueno.com\/index.php\/wp-json\/wp\/v2\/types\/page"}],"author":[{"embeddable":true,"href":"https:\/\/www.trueno.com\/index.php\/wp-json\/wp\/v2\/users\/3"}],"replies":[{"embeddable":true,"href":"https:\/\/www.trueno.com\/index.php\/wp-json\/wp\/v2\/comments?post=12"}],"version-history":[{"count":252,"href":"https:\/\/www.trueno.com\/index.php\/wp-json\/wp\/v2\/pages\/12\/revisions"}],"predecessor-version":[{"id":1572,"href":"https:\/\/www.trueno.com\/index.php\/wp-json\/wp\/v2\/pages\/12\/revisions\/1572"}],"wp:attachment":[{"href":"https:\/\/www.trueno.com\/index.php\/wp-json\/wp\/v2\/media?parent=12"}],"curies":[{"name":"wp","href":"https:\/\/api.w.org\/{rel}","templated":true}]}}